{"id":2456,"date":"2022-05-20T06:58:21","date_gmt":"2022-05-20T03:58:21","guid":{"rendered":"https:\/\/medassist.com.tr\/?page_id=2456"},"modified":"2022-05-27T14:33:19","modified_gmt":"2022-05-27T11:33:19","slug":"funday-with-your-family-children-tours","status":"publish","type":"page","link":"https:\/\/medassist.com.tr\/tr\/funday-with-your-family-children-tours\/","title":{"rendered":"FunDay with Your Family: Children Tours"},"content":{"rendered":"<div data-elementor-type=\"wp-page\" data-elementor-id=\"2456\" class=\"elementor elementor-2456\">\n\t\t\t\t\t\t<section class=\"elementor-section elementor-top-section elementor-element elementor-element-3088fa6f elementor-section-height-min-height elementor-section-content-middle elementor-section-boxed elementor-section-height-default elementor-section-items-middle\" data-id=\"3088fa6f\" data-element_type=\"section\" data-settings=\"{&quot;background_background&quot;:&quot;classic&quot;}\">\n\t\t\t\t\t\t\t<div class=\"elementor-background-overlay\"><\/div>\n\t\t\t\t\t\t\t<div class=\"elementor-container elementor-column-gap-no\">\n\t\t\t\t\t<div class=\"elementor-column elementor-col-100 elementor-top-column elementor-element elementor-element-a904f46\" data-id=\"a904f46\" data-element_type=\"column\" data-settings=\"{&quot;background_background&quot;:&quot;classic&quot;}\">\n\t\t\t<div class=\"elementor-widget-wrap elementor-element-populated\">\n\t\t\t\t\t\t<div class=\"elementor-element elementor-element-1a7742ff de_scroll_animation_no elementor-widget elementor-widget-heading\" data-id=\"1a7742ff\" data-element_type=\"widget\" data-widget_type=\"heading.default\">\n\t\t\t\t<div class=\"elementor-widget-container\">\n\t\t\t\t\t<h1 class=\"elementor-heading-title elementor-size-default\">FunDay with Your Family: Children Tours<\/h1>\t\t\t\t<\/div>\n\t\t\t\t<\/div>\n\t\t\t\t\t<\/div>\n\t\t<\/div>\n\t\t\t\t\t<\/div>\n\t\t<\/section>\n\t\t\t\t<section class=\"elementor-section elementor-top-section elementor-element elementor-element-28a48cfd elementor-section-boxed elementor-section-height-default elementor-section-height-default\" data-id=\"28a48cfd\" data-element_type=\"section\">\n\t\t\t\t\t\t<div class=\"elementor-container elementor-column-gap-default\">\n\t\t\t\t\t<div class=\"elementor-column elementor-col-100 elementor-top-column elementor-element elementor-element-d69ff68\" data-id=\"d69ff68\" data-element_type=\"column\">\n\t\t\t<div class=\"elementor-widget-wrap elementor-element-populated\">\n\t\t\t\t\t\t<div class=\"elementor-element elementor-element-629a22d7 de_scroll_animation_no elementor-widget elementor-widget-text-editor\" data-id=\"629a22d7\" data-element_type=\"widget\" data-widget_type=\"text-editor.default\">\n\t\t\t\t<div class=\"elementor-widget-container\">\n\t\t\t\t\t\t\t\t\t<p>Family and children has always been a very important part of Turkish culture. \u201cFamily First\u201d is a common saying that is repeated on many occasions. There are events all around the city throughout the city which you can attend with your family.<\/p><p><strong>MOIPark<\/strong>\u00a0(Mall of Istanbul Park) is Turkey\u2019s first and Europe\u2019s largest indoor park. Giant swings, high-speed shuttles, adrenaline-filled games, fun tunnels, and Turkey\u2019s first and only horror-conscious hotel are some of the fun places you can esplore. There are stores, gift-giving units, restaurants where you can spend fun-filled moments. As Europe\u2019s largest indoor entertainment colony, MOIPark consists of two floors on a 12.000 m\u00b2 area. There are many games full of fun, unites and swings on the below stairs for the kids older than 10 years and on the upstairs for the kids between the 4-10 years old. Live stage shows and entertainments, MOIPark invites you to a colorful world where you will have great fun.<\/p><p><strong>\u0130sfanbul<\/strong>\u00a0is the first theme park in \u0130stanbul. Offering different rides to children and to the whole family, having numerous shops and restaurants, offering a magical experience in Jungle Park full of exotic animals and Safari, movies and concerts at \u0130sfanbul Show Center will help you plan a fun day with your family during your treatment.<\/p><p><strong>KidzMondo<\/strong>\u00a0is an indoor theme park, designed for kids between the ages of 4 to 14. It features self \u2013 contained city built for and run by kids. KidzMondo has its own economy \u2013 its currency, public services and over 40 different professions such as Astronomy, Dans&amp;Music Club, Crime Scene Investigation, Supermarket, Police Station, Hotel, Beauty Salon, Race Track and many more in the park. KidzMondo is a safe theme park where kids enjoy while performing the role they are playing and are led by a highly qualified educator team.<\/p><p><strong>Miniat\u00fcrk<\/strong>, bringing together the rich architectural heritage of the civilizations that had ruled and left their marks on this ancient land from ancient ages to Rome, Byzantine, Seljuk Empire and Ottoman Empire. Miniaturk has become a showcase of Turkey with the Slogan of \u201cA small Model of a Big Country\u201d. 135 models in total, 62 from Istanbul, 60 from Anatolia and 13 from Ottoman territory outside of Turkey, that were selected among thousands of architectural works based on their repute. Miniaturk is not limited to Turkey and Turkish culture. It carries the life experiences of the nearby geography, including the values that give Anatolia its character. Reaching to the Golden Horn three thousand years ago, the traces left by the civilizations ruled by peace, tolerance and justice are brought together in this park.<\/p><p>On one side, the caravanserais, social complexes, madrasas, bridges, stations, piers, castles, city walls, tombs, mosques, churches, synagogues, palaces, mansions, obelisks, monuments and sculptures, on the other side, unique natural formations from fairy chimneys to Pamukkale which were selected by the meticulous work of an expert team.<\/p>\t\t\t\t\t\t\t\t<\/div>\n\t\t\t\t<\/div>\n\t\t\t\t\t<\/div>\n\t\t<\/div>\n\t\t\t\t\t<\/div>\n\t\t<\/section>\n\t\t\t\t<section class=\"elementor-section elementor-top-section elementor-element elementor-element-2f3f7bef elementor-section-boxed elementor-section-height-default elementor-section-height-default\" data-id=\"2f3f7bef\" data-element_type=\"section\">\n\t\t\t\t\t\t<div class=\"elementor-container elementor-column-gap-no\">\n\t\t\t\t\t<div class=\"elementor-column elementor-col-50 elementor-top-column elementor-element elementor-element-44ccb9ca\" data-id=\"44ccb9ca\" data-element_type=\"column\">\n\t\t\t<div class=\"elementor-widget-wrap elementor-element-populated\">\n\t\t\t\t\t\t<div class=\"elementor-element elementor-element-65307120 elementor-button-align-start de_scroll_animation_no elementor-widget elementor-widget-form\" data-id=\"65307120\" data-element_type=\"widget\" data-settings=\"{&quot;step_next_label&quot;:&quot;Next&quot;,&quot;step_previous_label&quot;:&quot;Previous&quot;,&quot;button_width&quot;:&quot;100&quot;,&quot;step_type&quot;:&quot;number_text&quot;,&quot;step_icon_shape&quot;:&quot;circle&quot;}\" data-widget_type=\"form.default\">\n\t\t\t\t<div class=\"elementor-widget-container\">\n\t\t\t\t\t\t\t<form class=\"elementor-form\" method=\"post\" name=\"New Form\" action=\"\">\n\t\t\t<input type=\"hidden\" name=\"post_id\" value=\"2456\"\/>\n\t\t\t<input type=\"hidden\" name=\"form_id\" value=\"65307120\"\/>\n\t\t\t<input type=\"hidden\" name=\"referer_title\" value=\"\" \/>\n\n\t\t\t\n\t\t\t<div class=\"elementor-form-fields-wrapper elementor-labels-\">\n\t\t\t\t\t\t\t\t<div class=\"elementor-field-type-text elementor-field-group elementor-column elementor-field-group-name elementor-col-100\">\n\t\t\t\t\t\t\t\t\t\t\t\t<label for=\"form-field-name\" class=\"elementor-field-label elementor-screen-only\">\n\t\t\t\t\t\t\t\t\u0130sim\t\t\t\t\t\t\t<\/label>\n\t\t\t\t\t\t\t\t\t\t\t\t\t\t<input size=\"1\" type=\"text\" name=\"form_fields[name]\" id=\"form-field-name\" class=\"elementor-field elementor-size-sm  elementor-field-textual\" placeholder=\"Ad\u0131n\u0131z..\">\n\t\t\t\t\t\t\t\t\t\t\t<\/div>\n\t\t\t\t\t\t\t\t<div class=\"elementor-field-type-tel elementor-field-group elementor-column elementor-field-group-field_4471453 elementor-col-100\">\n\t\t\t\t\t\t\t\t\t\t\t\t<label for=\"form-field-field_4471453\" class=\"elementor-field-label elementor-screen-only\">\n\t\t\t\t\t\t\t\tNumber\t\t\t\t\t\t\t<\/label>\n\t\t\t\t\t\t\t\t<input size=\"1\" type=\"tel\" name=\"form_fields[field_4471453]\" id=\"form-field-field_4471453\" class=\"elementor-field elementor-size-sm  elementor-field-textual\" placeholder=\"Numaran..\" pattern=\"[0-9()#&amp;+*-=.]+\" title=\"Only numbers and phone characters (#, -, *, etc) are accepted.\">\n\n\t\t\t\t\t\t<\/div>\n\t\t\t\t\t\t\t\t<div class=\"elementor-field-type-text elementor-field-group elementor-column elementor-field-group-field_268d645 elementor-col-100\">\n\t\t\t\t\t\t\t\t\t\t\t\t<label for=\"form-field-field_268d645\" class=\"elementor-field-label elementor-screen-only\">\n\t\t\t\t\t\t\t\tSpecialist\t\t\t\t\t\t\t<\/label>\n\t\t\t\t\t\t\t\t\t\t\t\t\t\t<input size=\"1\" type=\"text\" name=\"form_fields[field_268d645]\" id=\"form-field-field_268d645\" class=\"elementor-field elementor-size-sm  elementor-field-textual\" placeholder=\"Senin konun..\">\n\t\t\t\t\t\t\t\t\t\t\t<\/div>\n\t\t\t\t\t\t\t\t<div class=\"elementor-field-type-textarea elementor-field-group elementor-column elementor-field-group-message elementor-col-100\">\n\t\t\t\t\t\t\t\t\t\t\t\t<label for=\"form-field-message\" class=\"elementor-field-label elementor-screen-only\">\n\t\t\t\t\t\t\t\tMesaj\t\t\t\t\t\t\t<\/label>\n\t\t\t\t\t\t<textarea class=\"elementor-field-textual elementor-field  elementor-size-sm\" name=\"form_fields[message]\" id=\"form-field-message\" rows=\"5\" placeholder=\"Mesaj\"><\/textarea>\t\t\t\t<\/div>\n\t\t\t\t\t\t\t\t<div class=\"elementor-field-group elementor-column elementor-field-type-submit elementor-col-100 e-form__buttons\">\n\t\t\t\t\t<button type=\"submit\" class=\"elementor-button elementor-size-sm\">\n\t\t\t\t\t\t<span >\n\t\t\t\t\t\t\t\t\t\t\t\t\t\t\t<span class=\"elementor-button-icon\">\n\t\t\t\t\t\t\t\t\t\t\t\t\t\t\t\t\t\t\t\t\t\t\t\t\t\t<\/span>\n\t\t\t\t\t\t\t\t\t\t\t\t\t\t\t\t\t\t\t\t\t\t<span class=\"elementor-button-text\">G\u00d6NDERMEK<\/span>\n\t\t\t\t\t\t\t\t\t\t\t\t\t<\/span>\n\t\t\t\t\t<\/button>\n\t\t\t\t<\/div>\n\t\t\t<\/div>\n\t\t<input type=\"hidden\" name=\"trp-form-language\" value=\"tr\"\/><\/form>\n\t\t\t\t\t\t<\/div>\n\t\t\t\t<\/div>\n\t\t\t\t\t<\/div>\n\t\t<\/div>\n\t\t\t\t<div class=\"elementor-column elementor-col-50 elementor-top-column elementor-element elementor-element-200ed151\" data-id=\"200ed151\" data-element_type=\"column\">\n\t\t\t<div class=\"elementor-widget-wrap elementor-element-populated\">\n\t\t\t\t\t\t<div class=\"elementor-element elementor-element-75202f86 de_scroll_animation_no elementor-widget elementor-widget-elementskit-heading\" data-id=\"75202f86\" data-element_type=\"widget\" data-widget_type=\"elementskit-heading.default\">\n\t\t\t\t<div class=\"elementor-widget-container\">\n\t\t\t\t\t<div class=\"ekit-wid-con\" ><div class=\"ekit-heading elementskit-section-title-wraper text_left   ekit_heading_tablet-   ekit_heading_mobile-\"><h6 class=\"elementskit-section-subtitle\">\n\t\t\t\t\t\tKons\u00fcltasyon hizmeti talebi;\n\t\t\t\t\t<\/h6><h3 class=\"ekit-heading--title elementskit-section-title\">Doktorunuzdan randevunuzu al\u0131n<\/h3>\t\t\t\t<div class='ekit-heading__description'>\n\t\t\t\t\t<p>Bir uzmandan randevu almak veya randevu hakk\u0131nda bilgilendirilmek i\u00e7in formu doldurun, en k\u0131sa s\u00fcrede sizinle ileti\u015fime ge\u00e7elim.<\/p>\n\t\t\t\t<\/div>\n\t\t\t<\/div><\/div>\t\t\t\t<\/div>\n\t\t\t\t<\/div>\n\t\t\t\t<section class=\"elementor-section elementor-inner-section elementor-element elementor-element-3fe6103a elementor-section-boxed elementor-section-height-default elementor-section-height-default\" data-id=\"3fe6103a\" data-element_type=\"section\">\n\t\t\t\t\t\t<div class=\"elementor-container elementor-column-gap-no\">\n\t\t\t\t\t<div class=\"elementor-column elementor-col-50 elementor-inner-column elementor-element elementor-element-375a5d61\" data-id=\"375a5d61\" data-element_type=\"column\" data-settings=\"{&quot;background_background&quot;:&quot;classic&quot;}\">\n\t\t\t<div class=\"elementor-widget-wrap elementor-element-populated\">\n\t\t\t\t\t\t<div class=\"elementor-element elementor-element-4717a5d2 de_scroll_animation_no elementor-widget elementor-widget-spacer\" data-id=\"4717a5d2\" data-element_type=\"widget\" data-widget_type=\"spacer.default\">\n\t\t\t\t<div class=\"elementor-widget-container\">\n\t\t\t\t\t\t\t<div class=\"elementor-spacer\">\n\t\t\t<div class=\"elementor-spacer-inner\"><\/div>\n\t\t<\/div>\n\t\t\t\t\t\t<\/div>\n\t\t\t\t<\/div>\n\t\t\t\t<div class=\"elementor-element elementor-element-5f5bb497 de_scroll_animation_no elementor-widget elementor-widget-spacer\" data-id=\"5f5bb497\" data-element_type=\"widget\" data-widget_type=\"spacer.default\">\n\t\t\t\t<div class=\"elementor-widget-container\">\n\t\t\t\t\t\t\t<div class=\"elementor-spacer\">\n\t\t\t<div class=\"elementor-spacer-inner\"><\/div>\n\t\t<\/div>\n\t\t\t\t\t\t<\/div>\n\t\t\t\t<\/div>\n\t\t\t\t\t<\/div>\n\t\t<\/div>\n\t\t\t\t<div class=\"elementor-column elementor-col-50 elementor-inner-column elementor-element elementor-element-e846fad\" data-id=\"e846fad\" data-element_type=\"column\">\n\t\t\t<div class=\"elementor-widget-wrap elementor-element-populated\">\n\t\t\t\t\t\t<div class=\"elementor-element elementor-element-1da34e8 elementor-icon-list--layout-traditional elementor-list-item-link-full_width de_scroll_animation_no elementor-widget elementor-widget-icon-list\" data-id=\"1da34e8\" data-element_type=\"widget\" data-widget_type=\"icon-list.default\">\n\t\t\t\t<div class=\"elementor-widget-container\">\n\t\t\t\t\t\t\t<ul class=\"elementor-icon-list-items\">\n\t\t\t\t\t\t\t<li class=\"elementor-icon-list-item\">\n\t\t\t\t\t\t\t\t\t\t\t<span class=\"elementor-icon-list-icon\">\n\t\t\t\t\t\t\t<i aria-hidden=\"true\" class=\"far fa-check-circle\"><\/i>\t\t\t\t\t\t<\/span>\n\t\t\t\t\t\t\t\t\t\t<span class=\"elementor-icon-list-text\">Kaliteli ekipman<\/span>\n\t\t\t\t\t\t\t\t\t<\/li>\n\t\t\t\t\t\t\t\t<li class=\"elementor-icon-list-item\">\n\t\t\t\t\t\t\t\t\t\t\t<span class=\"elementor-icon-list-icon\">\n\t\t\t\t\t\t\t<i aria-hidden=\"true\" class=\"far fa-check-circle\"><\/i>\t\t\t\t\t\t<\/span>\n\t\t\t\t\t\t\t\t\t\t<span class=\"elementor-icon-list-text\">Y\u00fcksek hizmet kalitesi<\/span>\n\t\t\t\t\t\t\t\t\t<\/li>\n\t\t\t\t\t\t\t\t<li class=\"elementor-icon-list-item\">\n\t\t\t\t\t\t\t\t\t\t\t<span class=\"elementor-icon-list-icon\">\n\t\t\t\t\t\t\t<i aria-hidden=\"true\" class=\"far fa-check-circle\"><\/i>\t\t\t\t\t\t<\/span>\n\t\t\t\t\t\t\t\t\t\t<span class=\"elementor-icon-list-text\">Kibar personel<\/span>\n\t\t\t\t\t\t\t\t\t<\/li>\n\t\t\t\t\t\t\t\t<li class=\"elementor-icon-list-item\">\n\t\t\t\t\t\t\t\t\t\t\t<span class=\"elementor-icon-list-icon\">\n\t\t\t\t\t\t\t<i aria-hidden=\"true\" class=\"far fa-check-circle\"><\/i>\t\t\t\t\t\t<\/span>\n\t\t\t\t\t\t\t\t\t\t<span class=\"elementor-icon-list-text\">Rahat ko\u015fullar<\/span>\n\t\t\t\t\t\t\t\t\t<\/li>\n\t\t\t\t\t\t\t\t<li class=\"elementor-icon-list-item\">\n\t\t\t\t\t\t\t\t\t\t\t<span class=\"elementor-icon-list-icon\">\n\t\t\t\t\t\t\t<i aria-hidden=\"true\" class=\"far fa-check-circle\"><\/i>\t\t\t\t\t\t<\/span>\n\t\t\t\t\t\t\t\t\t\t<span class=\"elementor-icon-list-text\">Alan\u0131nda uzman hekimler<\/span>\n\t\t\t\t\t\t\t\t\t<\/li>\n\t\t\t\t\t\t<\/ul>\n\t\t\t\t\t\t<\/div>\n\t\t\t\t<\/div>\n\t\t\t\t\t<\/div>\n\t\t<\/div>\n\t\t\t\t\t<\/div>\n\t\t<\/section>\n\t\t\t\t\t<\/div>\n\t\t<\/div>\n\t\t\t\t\t<\/div>\n\t\t<\/section>\n\t\t\t\t<\/div>","protected":false},"excerpt":{"rendered":"<p>FunDay with Your Family: Children Tours Family and children has always been a very important part of Turkish culture. \u201cFamily First\u201d is a common saying that is repeated on many occasions. There are events all around the city throughout the city which you can attend with your family. MOIPark\u00a0(Mall of Istanbul Park) is Turkey\u2019s first [&hellip;]<\/p>","protected":false},"author":1,"featured_media":0,"parent":0,"menu_order":0,"comment_status":"closed","ping_status":"closed","template":"","meta":{"footnotes":""},"class_list":["post-2456","page","type-page","status-publish","hentry"],"_links":{"self":[{"href":"https:\/\/medassist.com.tr\/tr\/wp-json\/wp\/v2\/pages\/2456","targetHints":{"allow":["GET"]}}],"collection":[{"href":"https:\/\/medassist.com.tr\/tr\/wp-json\/wp\/v2\/pages"}],"about":[{"href":"https:\/\/medassist.com.tr\/tr\/wp-json\/wp\/v2\/types\/page"}],"author":[{"embeddable":true,"href":"https:\/\/medassist.com.tr\/tr\/wp-json\/wp\/v2\/users\/1"}],"replies":[{"embeddable":true,"href":"https:\/\/medassist.com.tr\/tr\/wp-json\/wp\/v2\/comments?post=2456"}],"version-history":[{"count":13,"href":"https:\/\/medassist.com.tr\/tr\/wp-json\/wp\/v2\/pages\/2456\/revisions"}],"predecessor-version":[{"id":6320,"href":"https:\/\/medassist.com.tr\/tr\/wp-json\/wp\/v2\/pages\/2456\/revisions\/6320"}],"wp:attachment":[{"href":"https:\/\/medassist.com.tr\/tr\/wp-json\/wp\/v2\/media?parent=2456"}],"curies":[{"name":"wp","href":"https:\/\/api.w.org\/{rel}","templated":true}]}}