{"id":2353,"date":"2022-05-20T06:22:48","date_gmt":"2022-05-20T03:22:48","guid":{"rendered":"https:\/\/medassist.com.tr\/?page_id=2353"},"modified":"2025-04-12T18:39:14","modified_gmt":"2025-04-12T15:39:14","slug":"hair-transplant","status":"publish","type":"page","link":"https:\/\/medassist.com.tr\/tr\/hair-transplant\/","title":{"rendered":"Sa\u00e7 Ekimi"},"content":{"rendered":"<h1>Sa\u00e7 Ekimi<\/h1>\n<h6>Nas\u0131l Uygulan\u0131r?<\/h6>\n<h5 id=\"elementor-tab-title-1751\" data-tab=\"1\" role=\"button\" aria-controls=\"elementor-tab-content-1751\" aria-expanded=\"false\">\n\t\t\t\t\t\t\t\t\t\t\t\t<a tabindex=\"0\">Write to us in What&#8217;s App your question what you need:<\/a><br \/>\n\t\t\t\t\t<\/h5>\n<p>\u00a0Treatment, diagnosis, surgery.\u00a0<\/p>\n<h5 id=\"elementor-tab-title-1752\" data-tab=\"2\" role=\"button\" aria-controls=\"elementor-tab-content-1752\" aria-expanded=\"false\">\n\t\t\t\t\t\t\t\t\t\t\t\t<a tabindex=\"0\">Bilgileri belirtin: <\/a><br \/>\n\t\t\t\t\t<\/h5>\n<p>Ya\u015f\u0131n\u0131z, ila\u00e7lara kar\u015f\u0131 alerjik reaksiyonlar\u0131n\u0131z olup olmad\u0131\u011f\u0131, ne kadar s\u00fcre \u00f6nce son cerrahi m\u00fcdahaleyi yapt\u0131n\u0131z<\/p>\n<h5 id=\"elementor-tab-title-1753\" data-tab=\"3\" role=\"button\" aria-controls=\"elementor-tab-content-1753\" aria-expanded=\"false\">\n\t\t\t\t\t\t\t\t\t\t\t\t<a tabindex=\"0\">Sorular\u0131 cevapla:<\/a><br \/>\n\t\t\t\t\t<\/h5>\n<p>Bundan sonra, size cevaplaman\u0131z gereken baz\u0131 ek sorular soraca\u011f\u0131z.\u00a0<\/p>\n<h5 id=\"elementor-tab-title-1754\" data-tab=\"4\" role=\"button\" aria-controls=\"elementor-tab-content-1754\" aria-expanded=\"false\">\n\t\t\t\t\t\t\t\t\t\t\t\t<a tabindex=\"0\">G\u00f6r\u00fcnt\u00fcleme \u00f6nerisi:<\/a><br \/>\n\t\t\t\t\t<\/h5>\n<p>Bundan sonra, bizden sizin i\u00e7in t\u00fcm tedavi s\u00fcrecini, toplam tedavi g\u00fcn say\u0131s\u0131n\u0131, maliyeti ayr\u0131nt\u0131l\u0131 olarak g\u00f6sterecek bir teklif alacaks\u0131n\u0131z.<\/p>\n<h5 id=\"elementor-tab-title-1755\" data-tab=\"5\" role=\"button\" aria-controls=\"elementor-tab-content-1755\" aria-expanded=\"false\">\n\t\t\t\t\t\t\t\t\t\t\t\t<a tabindex=\"0\">Toplant\u0131ya haz\u0131rl\u0131k:<\/a><br \/>\n\t\t\t\t\t<\/h5>\n<p>\u0130stanbul ziyaretiniz hakk\u0131nda 2-3 g\u00fcn \u00f6nceden bilgi vermeniz gerekmektedir. Toplant\u0131m\u0131za haz\u0131rlanman\u0131n tam zaman\u0131.<\/p>\n<h6>S\u0131k\u00e7a Sorulan Sorular<\/h6>\n<h5 id=\"elementor-tab-title-3041\" data-tab=\"1\" role=\"button\" aria-controls=\"elementor-tab-content-3041\" aria-expanded=\"false\">\n\t\t\t\t\t\t\t\t\t\t\t\t<a tabindex=\"0\">Hangi ya\u015fa kadar hizmet veriyoruz?<\/a><br \/>\n\t\t\t\t\t<\/h5>\n<p>Herhangi bir ya\u015f s\u0131n\u0131rlamas\u0131 var. Sa\u011fl\u0131k, izlenmesi gereken bir sabittir. Bu nedenle, 0 ila s\u0131n\u0131rs\u0131z ya\u015f aras\u0131ndaki hastalar\u0131 kabul ediyoruz<\/p>\n<h5 id=\"elementor-tab-title-3042\" data-tab=\"2\" role=\"button\" aria-controls=\"elementor-tab-content-3042\" aria-expanded=\"false\">\n\t\t\t\t\t\t\t\t\t\t\t\t<a tabindex=\"0\">If I don&#8217;t speak Turkish? <\/a><br \/>\n\t\t\t\t\t<\/h5>\n<p>Eksiksiz bir hizmet yelpazesi sunuyoruz: t\u00fcm transferler, otel veya daire rezervasyonlar\u0131, operasyon i\u00e7in t\u00fcm masraflar, deste\u011finizi ve terc\u00fcman\u0131n\u0131z\u0131 sa\u011fl\u0131yoruz ve 7\/24 ileti\u015fim halinde olaca\u011f\u0131z<\/p>\n<h5 id=\"elementor-tab-title-3043\" data-tab=\"3\" role=\"button\" aria-controls=\"elementor-tab-content-3043\" aria-expanded=\"false\">\n\t\t\t\t\t\t\t\t\t\t\t\t<a tabindex=\"0\">Tedavi i\u00e7in bize gelmek i\u00e7in herhangi bir tavsiyeye ihtiyac\u0131n\u0131z var m\u0131?<\/a><br \/>\n\t\t\t\t\t<\/h5>\n<p>Tavsiyeye gerek yok, \u015fikayetlerinizle bize gelebilirsiniz ve her \u015feyi d\u00fczeltece\u011fiz! Zaten sahip oldu\u011funuz muayenelerin, testlerin ve t\u0131bbi ge\u00e7mi\u015fin sonu\u00e7lar\u0131n\u0131 bilmek bizim i\u00e7in \u00f6nemlidir.<\/p>\n<h5>Bir soru\u015fturma g\u00f6nderin<\/h5>\n<p>Bize probleminizi yaz\u0131n. T\u0131bbi destek isterseniz. L\u00fctfen, bize <a href=\"mailto:medassist@medassist.com.tr\">medassist@medassist.com.tr<\/a><\/p>\n<p>\t\t\t\tveya<br \/>\n\t\t\t<a href=\"#\"><br \/>\n\t\t\t\t\t\tILETI\u015eIM<br \/>\n\t\t\t\t\t<\/a><\/p>\n<h6>TESISLER:<\/h6>\n<h6>Memorial<\/h6>\n<h6>ZAMAN:<\/h6>\n<h6>tam g\u00fcn<\/h6>\n<h6>FIYATLAR:<\/h6>\n<h6>Orta<\/h6>\n<h6>HASTANIN YA\u015eI:<\/h6>\n<h6>Her ya\u015ftan<\/h6>\n<p>\t\t\t\t\t\t\t\t\t\t\t\t\t\t\t<img loading=\"lazy\" decoding=\"async\" width=\"768\" height=\"486\" src=\"https:\/\/medassist.com.tr\/wp-content\/uploads\/2022\/05\/1-Hair-Transplantation-e70c05d2-9f2e-4567-9310-b1c356150314-768x486.jpg\" alt=\"\" srcset=\"https:\/\/medassist.com.tr\/wp-content\/uploads\/2022\/05\/1-Hair-Transplantation-e70c05d2-9f2e-4567-9310-b1c356150314-768x486.jpg 768w, https:\/\/medassist.com.tr\/wp-content\/uploads\/2022\/05\/1-Hair-Transplantation-e70c05d2-9f2e-4567-9310-b1c356150314-300x190.jpg 300w, https:\/\/medassist.com.tr\/wp-content\/uploads\/2022\/05\/1-Hair-Transplantation-e70c05d2-9f2e-4567-9310-b1c356150314-1024x647.jpg 1024w, https:\/\/medassist.com.tr\/wp-content\/uploads\/2022\/05\/1-Hair-Transplantation-e70c05d2-9f2e-4567-9310-b1c356150314-1536x971.jpg 1536w, https:\/\/medassist.com.tr\/wp-content\/uploads\/2022\/05\/1-Hair-Transplantation-e70c05d2-9f2e-4567-9310-b1c356150314-600x379.jpg 600w, https:\/\/medassist.com.tr\/wp-content\/uploads\/2022\/05\/1-Hair-Transplantation-e70c05d2-9f2e-4567-9310-b1c356150314.jpg 1740w\" sizes=\"auto, (max-width: 768px) 100vw, 768px\" \/><br \/>\n\t\t\t\t\t\t\t\t\tHakk\u0131nda<br \/>\n\t\t\t\t\t\t\t\t\tHakk\u0131nda<\/p>\n<p>MedAssist assures to provide the best medical solution to your medical needs. Our professional consultants find the most suiting options for you and your loved ones. By providing \u201cPersonalized Health Services\u201d, we offer not just a regular treatment but a holistic experience focusing on your wellness.<\/p>\n<p>FREE initial consultation on all treatments and 24\/7 accessibility to any questions you may have. MedAssist will be with you all the time from the beginning of your medical journey to the end.<\/p>\n<p>Call or text us any time from\u00a0<strong><a href=\"https:\/\/wa.me\/905435428550?text=Can%20i%20get%20more%20information%20about%20your%20services?\">+90 (543) 542 85 50<\/a><\/strong>\u00a0or have our medical consultants get in touch with you!<\/p>","protected":false},"excerpt":{"rendered":"<p>Hair Transplant How To Apply? Write to us in What&#8217;s App your question what you need: \u00a0Treatment, diagnosis, surgery.\u00a0 Specify the information: Your age, whether you have allergic reactions to medicines, how long ago you had the last surgical intervention Answer the questions: After that, we will ask you some additional questions that you will [&hellip;]<\/p>","protected":false},"author":1,"featured_media":0,"parent":0,"menu_order":0,"comment_status":"closed","ping_status":"closed","template":"","meta":{"footnotes":""},"class_list":["post-2353","page","type-page","status-publish","hentry"],"_links":{"self":[{"href":"https:\/\/medassist.com.tr\/tr\/wp-json\/wp\/v2\/pages\/2353","targetHints":{"allow":["GET"]}}],"collection":[{"href":"https:\/\/medassist.com.tr\/tr\/wp-json\/wp\/v2\/pages"}],"about":[{"href":"https:\/\/medassist.com.tr\/tr\/wp-json\/wp\/v2\/types\/page"}],"author":[{"embeddable":true,"href":"https:\/\/medassist.com.tr\/tr\/wp-json\/wp\/v2\/users\/1"}],"replies":[{"embeddable":true,"href":"https:\/\/medassist.com.tr\/tr\/wp-json\/wp\/v2\/comments?post=2353"}],"version-history":[{"count":7,"href":"https:\/\/medassist.com.tr\/tr\/wp-json\/wp\/v2\/pages\/2353\/revisions"}],"predecessor-version":[{"id":9287,"href":"https:\/\/medassist.com.tr\/tr\/wp-json\/wp\/v2\/pages\/2353\/revisions\/9287"}],"wp:attachment":[{"href":"https:\/\/medassist.com.tr\/tr\/wp-json\/wp\/v2\/media?parent=2353"}],"curies":[{"name":"wp","href":"https:\/\/api.w.org\/{rel}","templated":true}]}}