{"id":2136,"date":"2022-05-19T11:46:55","date_gmt":"2022-05-19T08:46:55","guid":{"rendered":"https:\/\/medassist.com.tr\/?page_id=2136"},"modified":"2025-05-08T16:13:48","modified_gmt":"2025-05-08T13:13:48","slug":"about-medassist","status":"publish","type":"page","link":"https:\/\/medassist.com.tr\/tr\/about-medassist\/","title":{"rendered":"About MedAssist"},"content":{"rendered":"<div data-elementor-type=\"wp-page\" data-elementor-id=\"2136\" class=\"elementor elementor-2136\">\n\t\t\t\t\t\t<section class=\"elementor-section elementor-top-section elementor-element elementor-element-639fed80 elementor-section-height-min-height elementor-section-content-middle elementor-section-boxed elementor-section-height-default elementor-section-items-middle\" data-id=\"639fed80\" data-element_type=\"section\" data-settings=\"{&quot;background_background&quot;:&quot;classic&quot;}\">\n\t\t\t\t\t\t\t<div class=\"elementor-background-overlay\"><\/div>\n\t\t\t\t\t\t\t<div class=\"elementor-container elementor-column-gap-no\">\n\t\t\t\t\t<div class=\"elementor-column elementor-col-100 elementor-top-column elementor-element elementor-element-2b69b4a1\" data-id=\"2b69b4a1\" data-element_type=\"column\" data-settings=\"{&quot;background_background&quot;:&quot;classic&quot;}\">\n\t\t\t<div class=\"elementor-widget-wrap elementor-element-populated\">\n\t\t\t\t\t\t<div class=\"elementor-element elementor-element-2ff48c07 de_scroll_animation_no elementor-widget elementor-widget-heading\" data-id=\"2ff48c07\" data-element_type=\"widget\" data-widget_type=\"heading.default\">\n\t\t\t\t<div class=\"elementor-widget-container\">\n\t\t\t\t\t<h1 class=\"elementor-heading-title elementor-size-default\">Hakk\u0131m\u0131zda<\/h1>\t\t\t\t<\/div>\n\t\t\t\t<\/div>\n\t\t\t\t\t<\/div>\n\t\t<\/div>\n\t\t\t\t\t<\/div>\n\t\t<\/section>\n\t\t\t\t<section class=\"elementor-section elementor-top-section elementor-element elementor-element-c625471 elementor-section-boxed elementor-section-height-default elementor-section-height-default\" data-id=\"c625471\" data-element_type=\"section\">\n\t\t\t\t\t\t<div class=\"elementor-container elementor-column-gap-no\">\n\t\t\t\t\t<div class=\"elementor-column elementor-col-100 elementor-top-column elementor-element elementor-element-ee43ca5\" data-id=\"ee43ca5\" data-element_type=\"column\">\n\t\t\t<div class=\"elementor-widget-wrap\">\n\t\t\t\t\t\t\t<\/div>\n\t\t<\/div>\n\t\t\t\t\t<\/div>\n\t\t<\/section>\n\t\t\t\t<section class=\"elementor-section elementor-top-section elementor-element elementor-element-26c7579 elementor-section-boxed elementor-section-height-default elementor-section-height-default\" data-id=\"26c7579\" data-element_type=\"section\">\n\t\t\t\t\t\t<div class=\"elementor-container elementor-column-gap-default\">\n\t\t\t\t\t<div class=\"elementor-column elementor-col-100 elementor-top-column elementor-element elementor-element-6f4fee3\" data-id=\"6f4fee3\" data-element_type=\"column\">\n\t\t\t<div class=\"elementor-widget-wrap elementor-element-populated\">\n\t\t\t\t\t\t<div class=\"elementor-element elementor-element-eb07d94 de_scroll_animation_no elementor-widget elementor-widget-elementskit-heading\" data-id=\"eb07d94\" data-element_type=\"widget\" data-widget_type=\"elementskit-heading.default\">\n\t\t\t\t<div class=\"elementor-widget-container\">\n\t\t\t\t\t<div class=\"ekit-wid-con\" ><div class=\"ekit-heading elementskit-section-title-wraper text_center   ekit_heading_tablet-text_left   ekit_heading_mobile-\"><h6 class=\"elementskit-section-subtitle\">\n\t\t\t\t\t\tHAKKIMIZDA V\u0130DEO\n\t\t\t\t\t<\/h6><h3 class=\"ekit-heading--title elementskit-section-title\">MedAssist nedir?<\/h3><\/div><\/div>\t\t\t\t<\/div>\n\t\t\t\t<\/div>\n\t\t\t\t<div class=\"elementor-element elementor-element-fd98676 de_scroll_animation_no elementor-widget elementor-widget-video\" data-id=\"fd98676\" data-element_type=\"widget\" data-settings=\"{&quot;youtube_url&quot;:&quot;https:\\\/\\\/www.youtube.com\\\/watch?v=xLmeuwqxKPY&amp;feature=youtu.be&quot;,&quot;video_type&quot;:&quot;youtube&quot;,&quot;controls&quot;:&quot;yes&quot;}\" data-widget_type=\"video.default\">\n\t\t\t\t<div class=\"elementor-widget-container\">\n\t\t\t\t\t\t\t<div class=\"elementor-wrapper elementor-open-inline\">\n\t\t\t<div class=\"elementor-video\"><\/div>\t\t<\/div>\n\t\t\t\t\t\t<\/div>\n\t\t\t\t<\/div>\n\t\t\t\t<section class=\"elementor-section elementor-inner-section elementor-element elementor-element-8def0f4 elementor-section-boxed elementor-section-height-default elementor-section-height-default\" data-id=\"8def0f4\" data-element_type=\"section\">\n\t\t\t\t\t\t\t<div class=\"elementor-background-overlay\"><\/div>\n\t\t\t\t\t\t\t<div class=\"elementor-container elementor-column-gap-default\">\n\t\t\t\t\t<div class=\"elementor-column elementor-col-100 elementor-inner-column elementor-element elementor-element-2f31182\" data-id=\"2f31182\" data-element_type=\"column\">\n\t\t\t<div class=\"elementor-widget-wrap elementor-element-populated\">\n\t\t\t\t\t\t<div class=\"elementor-element elementor-element-b13474a de_scroll_animation_no elementor-widget elementor-widget-elementskit-heading\" data-id=\"b13474a\" data-element_type=\"widget\" data-widget_type=\"elementskit-heading.default\">\n\t\t\t\t<div class=\"elementor-widget-container\">\n\t\t\t\t\t<div class=\"ekit-wid-con\" ><div class=\"ekit-heading elementskit-section-title-wraper text_left   ekit_heading_tablet-   ekit_heading_mobile-\"><h6 class=\"elementskit-section-subtitle\">\n\t\t\t\t\t\tCEO`dan S\u0130ZE\n\t\t\t\t\t<\/h6><h3 class=\"ekit-heading--title elementskit-section-title\">ORHAN ARSLAN, CEO<\/h3>\t\t\t\t<div class='ekit-heading__description'>\n\t\t\t\t\t<p>Merhaba! Ben Orhan ARSLAN<\/p>\n<p>Size kendim hakk\u0131nda bilgilendirmek istiyorum.<\/p>\n<p>Sa\u011fl\u0131k meslek lisesini bitirdikten sonra Ankara Hacettepe \u00dcniversitesi Sa\u011fl\u0131k Y\u00f6netimi B\u00f6l\u00fcm\u00fc'nden lisans derecesi ile mezun oldum. T\u00fcm kariyer yolum sa\u011fl\u0131k ve ihtiyac\u0131 olan herkese yard\u0131m etmek. Acil tip koordinat\u00f6r\u00fcyd\u00fcm, hastane i\u015flettim, otel segmentinde \u00fclkenin bir b\u00f6lgesinin sa\u011fl\u0131k bak\u0131m\u0131n\u0131 koordine ettim ve yo\u011fun bak\u0131m \u00fcnitesini y\u00f6nettim. 2018-2022 HospitalSPoint'te ve \u015fimdi MedAssist'in CEO'suyum. Ayr\u0131ca akademisyen unvan\u0131na sahibim ve \u00f6\u011fretmenim. Sizi a\u011f\u0131rlamak ve yard\u0131mc\u0131 olmaktan b\u00fcy\u00fck bir mutluluk duyaca\u011f\u0131m<\/p>\n\t\t\t\t<\/div>\n\t\t\t<\/div><\/div>\t\t\t\t<\/div>\n\t\t\t\t<\/div>\n\t\t\t\t<div class=\"elementor-element elementor-element-2c28115 de_scroll_animation_no elementor-widget elementor-widget-image\" data-id=\"2c28115\" data-element_type=\"widget\" data-widget_type=\"image.default\">\n\t\t\t\t<div class=\"elementor-widget-container\">\n\t\t\t\t\t\t\t\t\t\t\t\t\t\t\t<img fetchpriority=\"high\" decoding=\"async\" width=\"683\" height=\"1024\" src=\"https:\/\/medassist.com.tr\/wp-content\/uploads\/2022\/11\/photo_2022-10-12_20-44-21-PhotoRoom-3-683x1024.png\" class=\"attachment-large size-large wp-image-6654\" alt=\"\" srcset=\"https:\/\/medassist.com.tr\/wp-content\/uploads\/2022\/11\/photo_2022-10-12_20-44-21-PhotoRoom-3-683x1024.png 683w, https:\/\/medassist.com.tr\/wp-content\/uploads\/2022\/11\/photo_2022-10-12_20-44-21-PhotoRoom-3-200x300.png 200w, https:\/\/medassist.com.tr\/wp-content\/uploads\/2022\/11\/photo_2022-10-12_20-44-21-PhotoRoom-3-768x1151.png 768w, https:\/\/medassist.com.tr\/wp-content\/uploads\/2022\/11\/photo_2022-10-12_20-44-21-PhotoRoom-3-8x12.png 8w, https:\/\/medassist.com.tr\/wp-content\/uploads\/2022\/11\/photo_2022-10-12_20-44-21-PhotoRoom-3.png 854w\" sizes=\"(max-width: 683px) 100vw, 683px\" \/>\t\t\t\t\t\t\t\t\t\t\t\t\t\t\t<\/div>\n\t\t\t\t<\/div>\n\t\t\t\t\t<\/div>\n\t\t<\/div>\n\t\t\t\t\t<\/div>\n\t\t<\/section>\n\t\t\t\t\t<\/div>\n\t\t<\/div>\n\t\t\t\t\t<\/div>\n\t\t<\/section>\n\t\t\t\t<section class=\"elementor-section elementor-top-section elementor-element elementor-element-73754d5f elementor-section-boxed elementor-section-height-default elementor-section-height-default\" data-id=\"73754d5f\" data-element_type=\"section\">\n\t\t\t\t\t\t<div class=\"elementor-container elementor-column-gap-no\">\n\t\t\t\t\t<div class=\"elementor-column elementor-col-100 elementor-top-column elementor-element elementor-element-45d2c437\" data-id=\"45d2c437\" data-element_type=\"column\">\n\t\t\t<div class=\"elementor-widget-wrap elementor-element-populated\">\n\t\t\t\t\t\t<section class=\"elementor-section elementor-inner-section elementor-element elementor-element-34c70e1c elementor-section-boxed elementor-section-height-default elementor-section-height-default\" data-id=\"34c70e1c\" data-element_type=\"section\">\n\t\t\t\t\t\t<div class=\"elementor-container elementor-column-gap-no\">\n\t\t\t\t\t<div class=\"elementor-column elementor-col-50 elementor-inner-column elementor-element elementor-element-27656902\" data-id=\"27656902\" data-element_type=\"column\">\n\t\t\t<div class=\"elementor-widget-wrap elementor-element-populated\">\n\t\t\t\t\t\t<div class=\"elementor-element elementor-element-2e3c3ee7 de_scroll_animation_no elementor-widget elementor-widget-elementskit-heading\" data-id=\"2e3c3ee7\" data-element_type=\"widget\" data-widget_type=\"elementskit-heading.default\">\n\t\t\t\t<div class=\"elementor-widget-container\">\n\t\t\t\t\t<div class=\"ekit-wid-con\" ><div class=\"ekit-heading elementskit-section-title-wraper text_left   ekit_heading_tablet-text_left   ekit_heading_mobile-\"><h6 class=\"elementskit-section-subtitle\">\n\t\t\t\t\t\tG\u0130R\u0130\u0130\u015e\n\t\t\t\t\t<\/h6><h3 class=\"ekit-heading--title elementskit-section-title\">Di\u011ferleri Aras\u0131nda Nas\u0131l En \u0130yi Olduk?<\/h3>\t\t\t\t<div class='ekit-heading__description'>\n\t\t\t\t\t<p>MedAssist olarak aile \u00fcyelerimiz kadar hastalar\u0131m\u0131z\u0131 da i\u015fimizin merkezine al\u0131yor ve sa\u011fl\u0131\u011f\u0131n\u0131za kavu\u015fman\u0131z i\u00e7in size en iyi tedaviyi sunuyoruz. Sa\u011fl\u0131k alan\u0131nda deneyimli y\u00f6neticilerle, tam donan\u0131ml\u0131, akredite bir hastanede, tam ekip ruhu i\u00e7inde \u00e7al\u0131\u015ft\u0131\u011f\u0131m\u0131z ve i\u015flerinde en iyi doktorlarla t\u00fcm a\u015famalar\u0131 bir takvime g\u00f6re ger\u00e7ekle\u015ftiriyoruz.<\/p>\n\t\t\t\t<\/div>\n\t\t\t<\/div><\/div>\t\t\t\t<\/div>\n\t\t\t\t<\/div>\n\t\t\t\t\t<\/div>\n\t\t<\/div>\n\t\t\t\t<div class=\"elementor-column elementor-col-50 elementor-inner-column elementor-element elementor-element-193d14d2\" data-id=\"193d14d2\" data-element_type=\"column\">\n\t\t\t<div class=\"elementor-widget-wrap elementor-element-populated\">\n\t\t\t\t\t\t<div class=\"elementor-element elementor-element-1a77538 elementor-icon-list--layout-traditional elementor-list-item-link-full_width de_scroll_animation_no elementor-widget elementor-widget-icon-list\" data-id=\"1a77538\" data-element_type=\"widget\" data-widget_type=\"icon-list.default\">\n\t\t\t\t<div class=\"elementor-widget-container\">\n\t\t\t\t\t\t\t<ul class=\"elementor-icon-list-items\">\n\t\t\t\t\t\t\t<li class=\"elementor-icon-list-item\">\n\t\t\t\t\t\t\t\t\t\t\t<span class=\"elementor-icon-list-icon\">\n\t\t\t\t\t\t\t<i aria-hidden=\"true\" class=\"icon icon-minus\"><\/i>\t\t\t\t\t\t<\/span>\n\t\t\t\t\t\t\t\t\t\t<span class=\"elementor-icon-list-text\">Kaliteli ekipman<\/span>\n\t\t\t\t\t\t\t\t\t<\/li>\n\t\t\t\t\t\t\t\t<li class=\"elementor-icon-list-item\">\n\t\t\t\t\t\t\t\t\t\t\t<span class=\"elementor-icon-list-icon\">\n\t\t\t\t\t\t\t<i aria-hidden=\"true\" class=\"icon icon-minus\"><\/i>\t\t\t\t\t\t<\/span>\n\t\t\t\t\t\t\t\t\t\t<span class=\"elementor-icon-list-text\">Y\u00fcksek hizmet kalitesi<\/span>\n\t\t\t\t\t\t\t\t\t<\/li>\n\t\t\t\t\t\t\t\t<li class=\"elementor-icon-list-item\">\n\t\t\t\t\t\t\t\t\t\t\t<span class=\"elementor-icon-list-icon\">\n\t\t\t\t\t\t\t<i aria-hidden=\"true\" class=\"icon icon-minus\"><\/i>\t\t\t\t\t\t<\/span>\n\t\t\t\t\t\t\t\t\t\t<span class=\"elementor-icon-list-text\">Kibar personel<\/span>\n\t\t\t\t\t\t\t\t\t<\/li>\n\t\t\t\t\t\t\t\t<li class=\"elementor-icon-list-item\">\n\t\t\t\t\t\t\t\t\t\t\t<span class=\"elementor-icon-list-icon\">\n\t\t\t\t\t\t\t<i aria-hidden=\"true\" class=\"icon icon-minus\"><\/i>\t\t\t\t\t\t<\/span>\n\t\t\t\t\t\t\t\t\t\t<span class=\"elementor-icon-list-text\">Rahat ko\u015fullar<\/span>\n\t\t\t\t\t\t\t\t\t<\/li>\n\t\t\t\t\t\t\t\t<li class=\"elementor-icon-list-item\">\n\t\t\t\t\t\t\t\t\t\t\t<span class=\"elementor-icon-list-icon\">\n\t\t\t\t\t\t\t<i aria-hidden=\"true\" class=\"icon icon-minus\"><\/i>\t\t\t\t\t\t<\/span>\n\t\t\t\t\t\t\t\t\t\t<span class=\"elementor-icon-list-text\">Alan\u0131nda uzman hekimler<\/span>\n\t\t\t\t\t\t\t\t\t<\/li>\n\t\t\t\t\t\t<\/ul>\n\t\t\t\t\t\t<\/div>\n\t\t\t\t<\/div>\n\t\t\t\t<div class=\"elementor-element elementor-element-7e3280be de_scroll_animation_no elementor-widget elementor-widget-text-editor\" data-id=\"7e3280be\" data-element_type=\"widget\" data-widget_type=\"text-editor.default\">\n\t\t\t\t<div class=\"elementor-widget-container\">\n\t\t\t\t\t\t\t\t\t<p><em>\u201cBize gelmeden sa\u011fl\u0131\u011f\u0131n\u0131za dikkat edece\u011fiz, t\u00fcm tedavi s\u00fcreci boyunca size e\u015flik edece\u011fiz ve sa\u011fl\u0131kl\u0131 bir \u015fekilde evinize d\u00f6nd\u00fckten sonra 7\/24 sizinle ileti\u015fim halinde olaca\u011f\u0131z.\u201d<\/em><\/p>\t\t\t\t\t\t\t\t<\/div>\n\t\t\t\t<\/div>\n\t\t\t\t<div class=\"elementor-element elementor-element-1310efe6 elementor-position-left elementor-widget__width-initial elementor-vertical-align-top de_scroll_animation_no elementor-widget elementor-widget-image-box\" data-id=\"1310efe6\" data-element_type=\"widget\" data-widget_type=\"image-box.default\">\n\t\t\t\t<div class=\"elementor-widget-container\">\n\t\t\t\t\t<div class=\"elementor-image-box-wrapper\"><figure class=\"elementor-image-box-img\"><img decoding=\"async\" width=\"215\" height=\"216\" src=\"https:\/\/medassist.com.tr\/wp-content\/uploads\/2022\/05\/16.png\" class=\"attachment-full size-full wp-image-2149\" alt=\"\" srcset=\"https:\/\/medassist.com.tr\/wp-content\/uploads\/2022\/05\/16.png 215w, https:\/\/medassist.com.tr\/wp-content\/uploads\/2022\/05\/16-150x150.png 150w, https:\/\/medassist.com.tr\/wp-content\/uploads\/2022\/05\/16-100x100.png 100w\" sizes=\"(max-width: 215px) 100vw, 215px\" \/><\/figure><div class=\"elementor-image-box-content\"><h6 class=\"elementor-image-box-title\">ORHAN ARSLAN<\/h6><p class=\"elementor-image-box-description\">CEO &amp; KURUCU<\/p><\/div><\/div>\t\t\t\t<\/div>\n\t\t\t\t<\/div>\n\t\t\t\t<div class=\"elementor-element elementor-element-20e65970 elementor-widget__width-initial elementor-widget-mobile__width-inherit de_scroll_animation_no elementor-widget elementor-widget-image\" data-id=\"20e65970\" data-element_type=\"widget\" data-widget_type=\"image.default\">\n\t\t\t\t<div class=\"elementor-widget-container\">\n\t\t\t\t\t\t\t\t\t\t\t\t\t\t\t<img decoding=\"async\" width=\"170\" height=\"147\" src=\"https:\/\/medassist.com.tr\/wp-content\/uploads\/2022\/05\/15.png\" class=\"attachment-large size-large wp-image-2145\" alt=\"\" \/>\t\t\t\t\t\t\t\t\t\t\t\t\t\t\t<\/div>\n\t\t\t\t<\/div>\n\t\t\t\t\t<\/div>\n\t\t<\/div>\n\t\t\t\t\t<\/div>\n\t\t<\/section>\n\t\t\t\t<section class=\"elementor-section elementor-inner-section elementor-element elementor-element-212c1471 elementor-section-boxed elementor-section-height-default elementor-section-height-default\" data-id=\"212c1471\" data-element_type=\"section\">\n\t\t\t\t\t\t<div class=\"elementor-container elementor-column-gap-no\">\n\t\t\t\t\t<div class=\"elementor-column elementor-col-50 elementor-inner-column elementor-element elementor-element-2b2f4fd3\" data-id=\"2b2f4fd3\" data-element_type=\"column\" data-settings=\"{&quot;background_background&quot;:&quot;classic&quot;}\">\n\t\t\t<div class=\"elementor-widget-wrap elementor-element-populated\">\n\t\t\t\t\t<div class=\"elementor-background-overlay\"><\/div>\n\t\t\t\t\t\t<div class=\"elementor-element elementor-element-5fd1af08 de_scroll_animation_no elementor-widget elementor-widget-spacer\" data-id=\"5fd1af08\" data-element_type=\"widget\" data-widget_type=\"spacer.default\">\n\t\t\t\t<div class=\"elementor-widget-container\">\n\t\t\t\t\t\t\t<div class=\"elementor-spacer\">\n\t\t\t<div class=\"elementor-spacer-inner\"><\/div>\n\t\t<\/div>\n\t\t\t\t\t\t<\/div>\n\t\t\t\t<\/div>\n\t\t\t\t<div class=\"elementor-element elementor-element-2215027f de_scroll_animation_no elementor-widget elementor-widget-spacer\" data-id=\"2215027f\" data-element_type=\"widget\" data-widget_type=\"spacer.default\">\n\t\t\t\t<div class=\"elementor-widget-container\">\n\t\t\t\t\t\t\t<div class=\"elementor-spacer\">\n\t\t\t<div class=\"elementor-spacer-inner\"><\/div>\n\t\t<\/div>\n\t\t\t\t\t\t<\/div>\n\t\t\t\t<\/div>\n\t\t\t\t\t<\/div>\n\t\t<\/div>\n\t\t\t\t<div class=\"elementor-column elementor-col-50 elementor-inner-column elementor-element elementor-element-3d94ac43\" data-id=\"3d94ac43\" data-element_type=\"column\">\n\t\t\t<div class=\"elementor-widget-wrap elementor-element-populated\">\n\t\t\t\t\t\t<div class=\"elementor-element elementor-element-1625293f de_scroll_animation_no elementor-widget elementor-widget-image\" data-id=\"1625293f\" data-element_type=\"widget\" data-widget_type=\"image.default\">\n\t\t\t\t<div class=\"elementor-widget-container\">\n\t\t\t\t\t\t\t\t\t\t\t\t\t\t\t<img loading=\"lazy\" decoding=\"async\" width=\"800\" height=\"534\" src=\"https:\/\/medassist.com.tr\/wp-content\/uploads\/2022\/05\/medcare-img8-1024x683.jpg\" class=\"attachment-large size-large wp-image-1949\" alt=\"\" srcset=\"https:\/\/medassist.com.tr\/wp-content\/uploads\/2022\/05\/medcare-img8-1024x683.jpg 1024w, https:\/\/medassist.com.tr\/wp-content\/uploads\/2022\/05\/medcare-img8-600x400.jpg 600w, https:\/\/medassist.com.tr\/wp-content\/uploads\/2022\/05\/medcare-img8-300x200.jpg 300w, https:\/\/medassist.com.tr\/wp-content\/uploads\/2022\/05\/medcare-img8-768x512.jpg 768w, https:\/\/medassist.com.tr\/wp-content\/uploads\/2022\/05\/medcare-img8.jpg 1200w\" sizes=\"(max-width: 800px) 100vw, 800px\" \/>\t\t\t\t\t\t\t\t\t\t\t\t\t\t\t<\/div>\n\t\t\t\t<\/div>\n\t\t\t\t\t<\/div>\n\t\t<\/div>\n\t\t\t\t\t<\/div>\n\t\t<\/section>\n\t\t\t\t\t<\/div>\n\t\t<\/div>\n\t\t\t\t\t<\/div>\n\t\t<\/section>\n\t\t\t\t<section class=\"elementor-section elementor-top-section elementor-element elementor-element-91c4396 elementor-section-boxed elementor-section-height-default elementor-section-height-default\" data-id=\"91c4396\" data-element_type=\"section\" data-settings=\"{&quot;background_background&quot;:&quot;classic&quot;}\">\n\t\t\t\t\t\t\t<div class=\"elementor-background-overlay\"><\/div>\n\t\t\t\t\t\t\t<div class=\"elementor-container elementor-column-gap-no\">\n\t\t\t\t\t<div class=\"elementor-column elementor-col-100 elementor-top-column elementor-element elementor-element-6d40856\" data-id=\"6d40856\" data-element_type=\"column\">\n\t\t\t<div class=\"elementor-widget-wrap elementor-element-populated\">\n\t\t\t\t\t\t<section class=\"elementor-section elementor-inner-section elementor-element elementor-element-fd90b00 elementor-section-boxed elementor-section-height-default elementor-section-height-default\" data-id=\"fd90b00\" data-element_type=\"section\" data-settings=\"{&quot;background_background&quot;:&quot;classic&quot;}\">\n\t\t\t\t\t\t<div class=\"elementor-container elementor-column-gap-no\">\n\t\t\t\t\t<div class=\"elementor-column elementor-col-50 elementor-inner-column elementor-element elementor-element-e6ed84e\" data-id=\"e6ed84e\" data-element_type=\"column\">\n\t\t\t<div class=\"elementor-widget-wrap elementor-element-populated\">\n\t\t\t\t\t\t<div class=\"elementor-element elementor-element-0a3d582 de_scroll_animation_no elementor-widget elementor-widget-elementskit-heading\" data-id=\"0a3d582\" data-element_type=\"widget\" data-widget_type=\"elementskit-heading.default\">\n\t\t\t\t<div class=\"elementor-widget-container\">\n\t\t\t\t\t<div class=\"ekit-wid-con\" ><div class=\"ekit-heading elementskit-section-title-wraper text_left   ekit_heading_tablet-   ekit_heading_mobile-text_center\"><h3 class=\"ekit-heading--title elementskit-section-title\">En iyi hastanelerde \u00fcst d\u00fczey uzman doktorlar ile sorunlar\u0131n\u0131za \u00e7\u00f6z\u00fcm sunuyoruz<\/h3>\t\t\t\t<div class='ekit-heading__description'>\n\t\t\t\t\t<p>Herhangi bir sorunuz varsa bizi aray\u0131n! T\u00fcm sorunlar\u0131n ve evrak i\u015flerinin \u00e7\u00f6z\u00fcm\u00fcnde size yard\u0131mc\u0131 olaca\u011f\u0131z, ayr\u0131ca gerekli bilgilerin tam bir listesini size sa\u011flayaca\u011f\u0131z.<\/p>\n\t\t\t\t<\/div>\n\t\t\t<\/div><\/div>\t\t\t\t<\/div>\n\t\t\t\t<\/div>\n\t\t\t\t<div class=\"elementor-element elementor-element-f122303 elementor-widget__width-auto elementor-mobile-align-justify elementor-widget-mobile__width-inherit de_scroll_animation_no elementor-widget elementor-widget-button\" data-id=\"f122303\" data-element_type=\"widget\" data-widget_type=\"button.default\">\n\t\t\t\t<div class=\"elementor-widget-container\">\n\t\t\t\t\t\t\t\t\t<div class=\"elementor-button-wrapper\">\n\t\t\t\t\t<a class=\"elementor-button elementor-button-link elementor-size-sm\" href=\"https:\/\/medassist.com.tr\/tr\/contact\/\">\n\t\t\t\t\t\t<span class=\"elementor-button-content-wrapper\">\n\t\t\t\t\t\t\t\t\t<span class=\"elementor-button-text\">ONLINE RANDEVU<\/span>\n\t\t\t\t\t<\/span>\n\t\t\t\t\t<\/a>\n\t\t\t\t<\/div>\n\t\t\t\t\t\t\t\t<\/div>\n\t\t\t\t<\/div>\n\t\t\t\t<div class=\"elementor-element elementor-element-6539520 de_scroll_animation_no elementor-widget elementor-widget-text-editor\" data-id=\"6539520\" data-element_type=\"widget\" data-widget_type=\"text-editor.default\">\n\t\t\t\t<div class=\"elementor-widget-container\">\n\t\t\t\t\t\t\t\t\t<p>T\u00fcrk\u00e7e|English: +90 (532) 360 56 47<\/p><p>\u0420\u0443\u0441\u0441\u043a\u0438\u0439|English: +90 (544) 249 36 36<\/p>\t\t\t\t\t\t\t\t<\/div>\n\t\t\t\t<\/div>\n\t\t\t\t\t<\/div>\n\t\t<\/div>\n\t\t\t\t<div class=\"elementor-column elementor-col-50 elementor-inner-column elementor-element elementor-element-e00f722\" data-id=\"e00f722\" data-element_type=\"column\" data-settings=\"{&quot;background_background&quot;:&quot;classic&quot;}\">\n\t\t\t<div class=\"elementor-widget-wrap elementor-element-populated\">\n\t\t\t\t\t<div class=\"elementor-background-overlay\"><\/div>\n\t\t\t\t\t\t<div class=\"elementor-element elementor-element-d983e4b de_scroll_animation_no elementor-widget elementor-widget-image\" data-id=\"d983e4b\" data-element_type=\"widget\" data-widget_type=\"image.default\">\n\t\t\t\t<div class=\"elementor-widget-container\">\n\t\t\t\t\t\t\t\t\t\t\t\t\t\t\t<img loading=\"lazy\" decoding=\"async\" width=\"435\" height=\"721\" src=\"https:\/\/medassist.com.tr\/wp-content\/uploads\/2022\/05\/medcare-img18.png\" class=\"attachment-large size-large wp-image-1588\" alt=\"\" srcset=\"https:\/\/medassist.com.tr\/wp-content\/uploads\/2022\/05\/medcare-img18.png 435w, https:\/\/medassist.com.tr\/wp-content\/uploads\/2022\/05\/medcare-img18-181x300.png 181w\" sizes=\"(max-width: 435px) 100vw, 435px\" \/>\t\t\t\t\t\t\t\t\t\t\t\t\t\t\t<\/div>\n\t\t\t\t<\/div>\n\t\t\t\t\t<\/div>\n\t\t<\/div>\n\t\t\t\t\t<\/div>\n\t\t<\/section>\n\t\t\t\t\t<\/div>\n\t\t<\/div>\n\t\t\t\t\t<\/div>\n\t\t<\/section>\n\t\t\t\t<\/div>","protected":false},"excerpt":{"rendered":"<p>About Us VIDEO ABOUT US What is MedAssist? from the CEO to the client ORHAN ARSLAN, CEO I welcome you here and I will be very pleased to meet you. I want to tell you a few words about myself. My name is Orhan. After graduating from health vocational high school, I graduated from Ankara [&hellip;]<\/p>","protected":false},"author":1,"featured_media":0,"parent":0,"menu_order":0,"comment_status":"closed","ping_status":"closed","template":"","meta":{"footnotes":""},"class_list":["post-2136","page","type-page","status-publish","hentry"],"_links":{"self":[{"href":"https:\/\/medassist.com.tr\/tr\/wp-json\/wp\/v2\/pages\/2136","targetHints":{"allow":["GET"]}}],"collection":[{"href":"https:\/\/medassist.com.tr\/tr\/wp-json\/wp\/v2\/pages"}],"about":[{"href":"https:\/\/medassist.com.tr\/tr\/wp-json\/wp\/v2\/types\/page"}],"author":[{"embeddable":true,"href":"https:\/\/medassist.com.tr\/tr\/wp-json\/wp\/v2\/users\/1"}],"replies":[{"embeddable":true,"href":"https:\/\/medassist.com.tr\/tr\/wp-json\/wp\/v2\/comments?post=2136"}],"version-history":[{"count":52,"href":"https:\/\/medassist.com.tr\/tr\/wp-json\/wp\/v2\/pages\/2136\/revisions"}],"predecessor-version":[{"id":7170,"href":"https:\/\/medassist.com.tr\/tr\/wp-json\/wp\/v2\/pages\/2136\/revisions\/7170"}],"wp:attachment":[{"href":"https:\/\/medassist.com.tr\/tr\/wp-json\/wp\/v2\/media?parent=2136"}],"curies":[{"name":"wp","href":"https:\/\/api.w.org\/{rel}","templated":true}]}}