{"id":1973,"date":"2022-05-19T08:58:40","date_gmt":"2022-05-19T05:58:40","guid":{"rendered":"https:\/\/medassist.com.tr\/?page_id=1973"},"modified":"2022-05-31T01:23:30","modified_gmt":"2022-05-30T22:23:30","slug":"why-turkey","status":"publish","type":"page","link":"https:\/\/medassist.com.tr\/tr\/why-turkey\/","title":{"rendered":"Neden T\u00fcrkiye ?"},"content":{"rendered":"<div data-elementor-type=\"wp-page\" data-elementor-id=\"1973\" class=\"elementor elementor-1973\">\n\t\t\t\t\t\t<section class=\"elementor-section elementor-top-section elementor-element elementor-element-2f20988 elementor-section-height-min-height elementor-section-content-middle elementor-section-boxed elementor-section-height-default elementor-section-items-middle\" data-id=\"2f20988\" data-element_type=\"section\" data-settings=\"{&quot;background_background&quot;:&quot;classic&quot;}\">\n\t\t\t\t\t\t\t<div class=\"elementor-background-overlay\"><\/div>\n\t\t\t\t\t\t\t<div class=\"elementor-container elementor-column-gap-no\">\n\t\t\t\t\t<div class=\"elementor-column elementor-col-100 elementor-top-column elementor-element elementor-element-d38839c\" data-id=\"d38839c\" data-element_type=\"column\" data-settings=\"{&quot;background_background&quot;:&quot;classic&quot;}\">\n\t\t\t<div class=\"elementor-widget-wrap elementor-element-populated\">\n\t\t\t\t\t\t<div class=\"elementor-element elementor-element-ac0b84a de_scroll_animation_no elementor-widget elementor-widget-heading\" data-id=\"ac0b84a\" data-element_type=\"widget\" data-widget_type=\"heading.default\">\n\t\t\t\t<div class=\"elementor-widget-container\">\n\t\t\t\t\t<h1 class=\"elementor-heading-title elementor-size-default\">Neden T\u00fcrkiye ?<\/h1>\t\t\t\t<\/div>\n\t\t\t\t<\/div>\n\t\t\t\t\t<\/div>\n\t\t<\/div>\n\t\t\t\t\t<\/div>\n\t\t<\/section>\n\t\t\t\t<section class=\"elementor-section elementor-top-section elementor-element elementor-element-9415e60 elementor-section-boxed elementor-section-height-default elementor-section-height-default\" data-id=\"9415e60\" data-element_type=\"section\">\n\t\t\t\t\t\t<div class=\"elementor-container elementor-column-gap-default\">\n\t\t\t\t\t<div class=\"elementor-column elementor-col-100 elementor-top-column elementor-element elementor-element-3609647\" data-id=\"3609647\" data-element_type=\"column\">\n\t\t\t<div class=\"elementor-widget-wrap elementor-element-populated\">\n\t\t\t\t\t\t<div class=\"elementor-element elementor-element-9662e3b de_scroll_animation_no elementor-widget elementor-widget-text-editor\" data-id=\"9662e3b\" data-element_type=\"widget\" data-widget_type=\"text-editor.default\">\n\t\t\t\t<div class=\"elementor-widget-container\">\n\t\t\t\t\t\t\t\t\t<p>\u0130ki k\u0131tan\u0131n, Avrupa ve Asya'n\u0131n kalbinde yer alan T\u00fcrkiye, ger\u00e7ekten e\u015fsiz bir seyahat deneyimi sunuyor. Binlerce y\u0131ld\u0131r bu topraklar farkl\u0131 medeniyetler ve k\u00fclt\u00fcrler bar\u0131nd\u0131r\u0131yordu. Misafirperverlik, \u00f6zenli k\u00fclt\u00fcr, s\u0131cak iklim ve t\u0131bbi uygulamalardaki m\u00fckemmellik, T\u00fcrkiye'yi t\u0131bbi seyahatiniz i\u00e7in do\u011fru hedef haline getirmektedir. D\u00fcnya standartlar\u0131nda hizmet seviyeleri, en kaliteli tesisler, JCI akredite hastanelerde ve kliniklerde en iyi doktorlar size kalite, konfor ve bak\u0131m sunacakt\u0131r. \u0130stanbul tarihi, co\u011frafyas\u0131, Bo\u011faz\u0131 ve g\u00fczelli\u011fi ile sizi b\u00fcy\u00fcleyecek.<br \/><br \/>Roma \u0130mparatorlu\u011fu'nun tarihi \u015fahsiyetlerini g\u00f6rebilir ya da \u0130pek Yolu'nun izlerini arayabilirsiniz. Avrupa K\u00fclt\u00fcr Ba\u015fkenti olan \u0130stanbul, d\u00fcnyan\u0131n en pop\u00fcler be\u015finci turizm merkezidir. \u0130stanbul, d\u00fcnyan\u0131n en h\u0131zl\u0131 b\u00fcy\u00fcyen metropol ekonomilerinden biri olarak Do\u011fu ile Bat\u0131 aras\u0131nda bir merkezdir. \u0130stanbul'a seyahat etmek, \u015fehri ke\u015ffetmek ve t\u0131bbi ihtiya\u00e7lar\u0131n\u0131z\u0131n MedAssist taraf\u0131ndan halledilmesi, tekrarlamak isteyece\u011finiz bir yolculuk olacakt\u0131r.<\/p>\t\t\t\t\t\t\t\t<\/div>\n\t\t\t\t<\/div>\n\t\t\t\t<div class=\"elementor-element elementor-element-d6ad579 elementor-skin-slideshow elementor-aspect-ratio-219 elementor-arrows-yes de_scroll_animation_no elementor-widget elementor-widget-media-carousel\" data-id=\"d6ad579\" data-element_type=\"widget\" data-settings=\"{&quot;skin&quot;:&quot;slideshow&quot;,&quot;autoplay_speed&quot;:4000,&quot;effect&quot;:&quot;slide&quot;,&quot;show_arrows&quot;:&quot;yes&quot;,&quot;speed&quot;:500,&quot;autoplay&quot;:&quot;yes&quot;,&quot;loop&quot;:&quot;yes&quot;,&quot;pause_on_hover&quot;:&quot;yes&quot;,&quot;pause_on_interaction&quot;:&quot;yes&quot;,&quot;space_between&quot;:{&quot;unit&quot;:&quot;px&quot;,&quot;size&quot;:10,&quot;sizes&quot;:[]},&quot;space_between_tablet&quot;:{&quot;unit&quot;:&quot;px&quot;,&quot;size&quot;:10,&quot;sizes&quot;:[]},&quot;space_between_mobile&quot;:{&quot;unit&quot;:&quot;px&quot;,&quot;size&quot;:10,&quot;sizes&quot;:[]}}\" data-widget_type=\"media-carousel.default\">\n\t\t\t\t<div class=\"elementor-widget-container\">\n\t\t\t\t\t\t\t<div class=\"elementor-swiper\">\n\t\t\t<div class=\"elementor-main-swiper swiper-container\">\n\t\t\t\t<div class=\"swiper-wrapper\">\n\t\t\t\t\t\t\t\t\t\t\t<div class=\"swiper-slide\">\n\t\t\t\t\t\t\t\t\t<div class=\"elementor-carousel-image\" style=\"background-image: url(https:\/\/medassist.com.tr\/wp-content\/uploads\/2022\/05\/panorama-of-istanbul-turkey.jpg)\">\n\t\t\t\t\t<\/div>\n\t\t\t\t\t\t\t\t<\/div>\n\t\t\t\t\t\t\t\t\t\t\t<div class=\"swiper-slide\">\n\t\t\t\t\t\t\t\t\t<div class=\"elementor-carousel-image\" style=\"background-image: url(https:\/\/medassist.com.tr\/wp-content\/uploads\/2022\/05\/blue-mosque-istanbul-turkey.jpg)\">\n\t\t\t\t\t<\/div>\n\t\t\t\t\t\t\t\t<\/div>\n\t\t\t\t\t\t\t\t\t\t\t<div class=\"swiper-slide\">\n\t\t\t\t\t\t\t\t\t<div class=\"elementor-carousel-image\" style=\"background-image: url(https:\/\/medassist.com.tr\/wp-content\/uploads\/2022\/05\/happy-young-couple-during-sunrise-watching-hot-air-balloons-in-cappadocia-turkey.jpg)\">\n\t\t\t\t\t<\/div>\n\t\t\t\t\t\t\t\t<\/div>\n\t\t\t\t\t\t\t\t\t\t\t<div class=\"swiper-slide\">\n\t\t\t\t\t\t\t\t\t<div class=\"elementor-carousel-image\" style=\"background-image: url(https:\/\/medassist.com.tr\/wp-content\/uploads\/2022\/05\/hagia-sophia-in-turkey.jpg)\">\n\t\t\t\t\t<\/div>\n\t\t\t\t\t\t\t\t<\/div>\n\t\t\t\t\t\t\t\t\t\t\t<div class=\"swiper-slide\">\n\t\t\t\t\t\t\t\t\t<div class=\"elementor-carousel-image\" style=\"background-image: url(https:\/\/medassist.com.tr\/wp-content\/uploads\/2022\/05\/istanbul-turkey.jpg)\">\n\t\t\t\t\t<\/div>\n\t\t\t\t\t\t\t\t<\/div>\n\t\t\t\t\t\t\t\t\t<\/div>\n\t\t\t\t\t\t\t\t\t\t\t\t\t\t\t\t\t\t\t\t<div class=\"elementor-swiper-button elementor-swiper-button-prev\">\n\t\t\t\t\t\t\t<i aria-hidden=\"true\" class=\"eicon-chevron-left\"><\/i>\t\t\t\t\t\t\t<span class=\"elementor-screen-only\">Previous<\/span>\n\t\t\t\t\t\t<\/div>\n\t\t\t\t\t\t<div class=\"elementor-swiper-button elementor-swiper-button-next\">\n\t\t\t\t\t\t\t<i aria-hidden=\"true\" class=\"eicon-chevron-right\"><\/i>\t\t\t\t\t\t\t<span class=\"elementor-screen-only\">Next<\/span>\n\t\t\t\t\t\t<\/div>\n\t\t\t\t\t\t\t\t\t\t\t\t<\/div>\n\t\t<\/div>\n\t\t\t\t<div class=\"elementor-swiper\">\n\t\t\t<div class=\"elementor-thumbnails-swiper swiper-container\">\n\t\t\t\t<div class=\"swiper-wrapper\">\n\t\t\t\t\t\t\t\t\t\t\t<div class=\"swiper-slide\">\n\t\t\t\t\t\t\t\t\t<div class=\"elementor-fit-aspect-ratio elementor-carousel-image\" style=\"background-image: url(https:\/\/medassist.com.tr\/wp-content\/uploads\/2022\/05\/panorama-of-istanbul-turkey.jpg)\">\n\t\t\t\t\t<\/div>\n\t\t\t\t\t\t\t\t<\/div>\n\t\t\t\t\t\t\t\t\t\t\t<div class=\"swiper-slide\">\n\t\t\t\t\t\t\t\t\t<div class=\"elementor-fit-aspect-ratio elementor-carousel-image\" style=\"background-image: url(https:\/\/medassist.com.tr\/wp-content\/uploads\/2022\/05\/blue-mosque-istanbul-turkey.jpg)\">\n\t\t\t\t\t<\/div>\n\t\t\t\t\t\t\t\t<\/div>\n\t\t\t\t\t\t\t\t\t\t\t<div class=\"swiper-slide\">\n\t\t\t\t\t\t\t\t\t<div class=\"elementor-fit-aspect-ratio elementor-carousel-image\" style=\"background-image: url(https:\/\/medassist.com.tr\/wp-content\/uploads\/2022\/05\/happy-young-couple-during-sunrise-watching-hot-air-balloons-in-cappadocia-turkey.jpg)\">\n\t\t\t\t\t<\/div>\n\t\t\t\t\t\t\t\t<\/div>\n\t\t\t\t\t\t\t\t\t\t\t<div class=\"swiper-slide\">\n\t\t\t\t\t\t\t\t\t<div class=\"elementor-fit-aspect-ratio elementor-carousel-image\" style=\"background-image: url(https:\/\/medassist.com.tr\/wp-content\/uploads\/2022\/05\/hagia-sophia-in-turkey.jpg)\">\n\t\t\t\t\t<\/div>\n\t\t\t\t\t\t\t\t<\/div>\n\t\t\t\t\t\t\t\t\t\t\t<div class=\"swiper-slide\">\n\t\t\t\t\t\t\t\t\t<div class=\"elementor-fit-aspect-ratio elementor-carousel-image\" style=\"background-image: url(https:\/\/medassist.com.tr\/wp-content\/uploads\/2022\/05\/istanbul-turkey.jpg)\">\n\t\t\t\t\t<\/div>\n\t\t\t\t\t\t\t\t<\/div>\n\t\t\t\t\t\t\t\t\t<\/div>\n\t\t\t\t\t\t\t\t\t\t\t\t\t\t\t\t\t\t\t\t\t<\/div>\n\t\t<\/div>\n\t\t\t\t\t\t<\/div>\n\t\t\t\t<\/div>\n\t\t\t\t<div class=\"elementor-element elementor-element-cb27f1b de_scroll_animation_no elementor-widget elementor-widget-text-editor\" data-id=\"cb27f1b\" data-element_type=\"widget\" data-widget_type=\"text-editor.default\">\n\t\t\t\t<div class=\"elementor-widget-container\">\n\t\t\t\t\t\t\t\t\t<h2 class=\"elementor-heading-title elementor-size-default\">T\u00fcrkiye'ye Medikal Turizm<\/h2><p>\u00a0<\/p><p>T\u00fcrkiye'de medikal turizm h\u0131zla geli\u015fen bir sekt\u00f6r haline geldi: 2017 y\u0131l\u0131nda \u00fclkeyi 700.000 ki\u015fi ziyaret etti. 2008 Y\u0131l\u0131nda 75.000 ki\u015fi medikal turizm i\u00e7in T\u00fcrkiye'yi ziyaret etmi\u015ftir. 10 y\u0131lda bu rakam on kat artt\u0131. 2018 y\u0131l\u0131nda ziyaret\u00e7i say\u0131s\u0131 bir milyona yakla\u015ft\u0131. Sa\u011fl\u0131k sekt\u00f6r\u00fcndeki maliyet, kalite, bekleme s\u00fcresi ve f\u0131rsatlar nedeniyle bir\u00e7ok ki\u015fi T\u00fcrkiye'ye geliyor. T\u00fcrkiye, Avrupa, Amerika Birle\u015fik Devletleri ve di\u011fer Bat\u0131 \u00fclkelerine k\u0131yasla daha d\u00fc\u015f\u00fck maliyetlerle daha kaliteli tedavi sa\u011flamaktad\u0131r. Baz\u0131 operasyonlar di\u011fer \u00fclkelere g\u00f6re y\u00fczde 90 daha ucuz.<\/p><p>\u00a0<\/p><p>T\u00fcrkiye'de hasta bekleme s\u00fcresi nakil hari\u00e7 en fazla iki hafta olmakla birlikte Bat\u0131 \u00fclkelerinde bu s\u00fcre\u00e7 18 aya ula\u015fabilmektedir. Ba\u015fta Avrupa, K\u00f6rfez \u00dclkeleri, Rusya ve T\u00fcrki cumhuriyetler olmak \u00fczere T\u00fcrkiye'ye gelen ziyaret\u00e7iler genellikle \u0130stanbul'u, Akdeniz'in tatil beldesi Antalya'y\u0131 ve ba\u015fkent Ankara'y\u0131 tercih ediyor.<\/p><p>\u00a0<\/p><p>Uluslararas\u0131 Medikal Seyahat Dergisi'ne (IMTJ) g\u00f6re T\u00fcrkiye, medikal turizm alan\u0131nda ABD ve G\u00fcney Kore'den sonra \u00fc\u00e7\u00fcnc\u00fc s\u0131rada yer al\u0131yor. Hedef, 2023 y\u0131l\u0131na kadar sa\u011fl\u0131k turizmi i\u00e7in iki milyon ziyaret\u00e7i almakt\u0131r.<\/p>\t\t\t\t\t\t\t\t<\/div>\n\t\t\t\t<\/div>\n\t\t\t\t\t<\/div>\n\t\t<\/div>\n\t\t\t\t\t<\/div>\n\t\t<\/section>\n\t\t\t\t<section class=\"elementor-section elementor-top-section elementor-element elementor-element-b042cf9 elementor-section-boxed elementor-section-height-default elementor-section-height-default\" data-id=\"b042cf9\" data-element_type=\"section\">\n\t\t\t\t\t\t<div class=\"elementor-container elementor-column-gap-no\">\n\t\t\t\t\t<div class=\"elementor-column elementor-col-50 elementor-top-column elementor-element elementor-element-8b9fbda\" data-id=\"8b9fbda\" data-element_type=\"column\">\n\t\t\t<div class=\"elementor-widget-wrap elementor-element-populated\">\n\t\t\t\t\t\t<div class=\"elementor-element elementor-element-ec3deb6 elementor-button-align-start de_scroll_animation_no elementor-widget elementor-widget-form\" data-id=\"ec3deb6\" data-element_type=\"widget\" data-settings=\"{&quot;step_next_label&quot;:&quot;Next&quot;,&quot;step_previous_label&quot;:&quot;Previous&quot;,&quot;button_width&quot;:&quot;100&quot;,&quot;step_type&quot;:&quot;number_text&quot;,&quot;step_icon_shape&quot;:&quot;circle&quot;}\" data-widget_type=\"form.default\">\n\t\t\t\t<div class=\"elementor-widget-container\">\n\t\t\t\t\t\t\t<form class=\"elementor-form\" method=\"post\" name=\"New Form\" action=\"\">\n\t\t\t<input type=\"hidden\" name=\"post_id\" value=\"1973\"\/>\n\t\t\t<input type=\"hidden\" name=\"form_id\" value=\"ec3deb6\"\/>\n\t\t\t<input type=\"hidden\" name=\"referer_title\" value=\"\" \/>\n\n\t\t\t\n\t\t\t<div class=\"elementor-form-fields-wrapper elementor-labels-\">\n\t\t\t\t\t\t\t\t<div class=\"elementor-field-type-text elementor-field-group elementor-column elementor-field-group-name elementor-col-100\">\n\t\t\t\t\t\t\t\t\t\t\t\t<label for=\"form-field-name\" class=\"elementor-field-label elementor-screen-only\">\n\t\t\t\t\t\t\t\t\u0130sim\t\t\t\t\t\t\t<\/label>\n\t\t\t\t\t\t\t\t\t\t\t\t\t\t<input size=\"1\" type=\"text\" name=\"form_fields[name]\" id=\"form-field-name\" class=\"elementor-field elementor-size-sm  elementor-field-textual\" placeholder=\"Ad\u0131n\u0131z..\">\n\t\t\t\t\t\t\t\t\t\t\t<\/div>\n\t\t\t\t\t\t\t\t<div class=\"elementor-field-type-tel elementor-field-group elementor-column elementor-field-group-field_4471453 elementor-col-100\">\n\t\t\t\t\t\t\t\t\t\t\t\t<label for=\"form-field-field_4471453\" class=\"elementor-field-label elementor-screen-only\">\n\t\t\t\t\t\t\t\tNumber\t\t\t\t\t\t\t<\/label>\n\t\t\t\t\t\t\t\t<input size=\"1\" type=\"tel\" name=\"form_fields[field_4471453]\" id=\"form-field-field_4471453\" class=\"elementor-field elementor-size-sm  elementor-field-textual\" placeholder=\"Numaran..\" pattern=\"[0-9()#&amp;+*-=.]+\" title=\"Only numbers and phone characters (#, -, *, etc) are accepted.\">\n\n\t\t\t\t\t\t<\/div>\n\t\t\t\t\t\t\t\t<div class=\"elementor-field-type-text elementor-field-group elementor-column elementor-field-group-field_268d645 elementor-col-100\">\n\t\t\t\t\t\t\t\t\t\t\t\t<label for=\"form-field-field_268d645\" class=\"elementor-field-label elementor-screen-only\">\n\t\t\t\t\t\t\t\tSpecialist\t\t\t\t\t\t\t<\/label>\n\t\t\t\t\t\t\t\t\t\t\t\t\t\t<input size=\"1\" type=\"text\" name=\"form_fields[field_268d645]\" id=\"form-field-field_268d645\" class=\"elementor-field elementor-size-sm  elementor-field-textual\" placeholder=\"Senin konun..\">\n\t\t\t\t\t\t\t\t\t\t\t<\/div>\n\t\t\t\t\t\t\t\t<div class=\"elementor-field-type-textarea elementor-field-group elementor-column elementor-field-group-message elementor-col-100\">\n\t\t\t\t\t\t\t\t\t\t\t\t<label for=\"form-field-message\" class=\"elementor-field-label elementor-screen-only\">\n\t\t\t\t\t\t\t\tMesaj\t\t\t\t\t\t\t<\/label>\n\t\t\t\t\t\t<textarea class=\"elementor-field-textual elementor-field  elementor-size-sm\" name=\"form_fields[message]\" id=\"form-field-message\" rows=\"5\" placeholder=\"Mesaj\"><\/textarea>\t\t\t\t<\/div>\n\t\t\t\t\t\t\t\t<div class=\"elementor-field-group elementor-column elementor-field-type-submit elementor-col-100 e-form__buttons\">\n\t\t\t\t\t<button type=\"submit\" class=\"elementor-button elementor-size-sm\">\n\t\t\t\t\t\t<span >\n\t\t\t\t\t\t\t\t\t\t\t\t\t\t\t<span class=\"elementor-button-icon\">\n\t\t\t\t\t\t\t\t\t\t\t\t\t\t\t\t\t\t\t\t\t\t\t\t\t\t<\/span>\n\t\t\t\t\t\t\t\t\t\t\t\t\t\t\t\t\t\t\t\t\t\t<span class=\"elementor-button-text\">G\u00d6NDERMEK<\/span>\n\t\t\t\t\t\t\t\t\t\t\t\t\t<\/span>\n\t\t\t\t\t<\/button>\n\t\t\t\t<\/div>\n\t\t\t<\/div>\n\t\t<input type=\"hidden\" name=\"trp-form-language\" value=\"tr\"\/><\/form>\n\t\t\t\t\t\t<\/div>\n\t\t\t\t<\/div>\n\t\t\t\t\t<\/div>\n\t\t<\/div>\n\t\t\t\t<div class=\"elementor-column elementor-col-50 elementor-top-column elementor-element elementor-element-8ac24e9\" data-id=\"8ac24e9\" data-element_type=\"column\">\n\t\t\t<div class=\"elementor-widget-wrap elementor-element-populated\">\n\t\t\t\t\t\t<div class=\"elementor-element elementor-element-c3be634 de_scroll_animation_no elementor-widget elementor-widget-elementskit-heading\" data-id=\"c3be634\" data-element_type=\"widget\" data-widget_type=\"elementskit-heading.default\">\n\t\t\t\t<div class=\"elementor-widget-container\">\n\t\t\t\t\t<div class=\"ekit-wid-con\" ><div class=\"ekit-heading elementskit-section-title-wraper text_left   ekit_heading_tablet-   ekit_heading_mobile-\"><h6 class=\"elementskit-section-subtitle\">\n\t\t\t\t\t\tKons\u00fcltasyon hizmeti talebi;\n\t\t\t\t\t<\/h6><h3 class=\"ekit-heading--title elementskit-section-title\">Doktorunuzdan randevunuzu al\u0131n<\/h3>\t\t\t\t<div class='ekit-heading__description'>\n\t\t\t\t\t<p>Bir uzmandan randevu almak veya randevu hakk\u0131nda bilgilendirilmek i\u00e7in formu doldurun, en k\u0131sa s\u00fcrede sizinle ileti\u015fime ge\u00e7elim.<\/p>\n\t\t\t\t<\/div>\n\t\t\t<\/div><\/div>\t\t\t\t<\/div>\n\t\t\t\t<\/div>\n\t\t\t\t<section class=\"elementor-section elementor-inner-section elementor-element elementor-element-8d35a3b elementor-section-boxed elementor-section-height-default elementor-section-height-default\" data-id=\"8d35a3b\" data-element_type=\"section\">\n\t\t\t\t\t\t<div class=\"elementor-container elementor-column-gap-no\">\n\t\t\t\t\t<div class=\"elementor-column elementor-col-50 elementor-inner-column elementor-element elementor-element-60c1711\" data-id=\"60c1711\" data-element_type=\"column\">\n\t\t\t<div class=\"elementor-widget-wrap elementor-element-populated\">\n\t\t\t\t\t\t<div class=\"elementor-element elementor-element-544fa17 de_scroll_animation_no elementor-widget elementor-widget-video\" data-id=\"544fa17\" data-element_type=\"widget\" data-settings=\"{&quot;video_type&quot;:&quot;hosted&quot;,&quot;controls&quot;:&quot;yes&quot;}\" data-widget_type=\"video.default\">\n\t\t\t\t<div class=\"elementor-widget-container\">\n\t\t\t\t\t\t\t<div class=\"e-hosted-video elementor-wrapper elementor-open-inline\">\n\t\t\t\t\t<video class=\"elementor-video\" src=\"https:\/\/medassist.com.tr\/wp-content\/uploads\/2022\/05\/WhatsApp-Video-2022-05-30-at-11.43.13.mp4\" controls=\"\" preload=\"metadata\" controlslist=\"nodownload\" poster=\"https:\/\/medassist.com.tr\/wp-content\/uploads\/2022\/05\/elderly-doctor-helping-young-colleague-with-work_23-2147896164.jpeg\"><\/video>\n\t\t\t\t<\/div>\n\t\t\t\t\t\t<\/div>\n\t\t\t\t<\/div>\n\t\t\t\t\t<\/div>\n\t\t<\/div>\n\t\t\t\t<div class=\"elementor-column elementor-col-50 elementor-inner-column elementor-element elementor-element-7ac4309\" data-id=\"7ac4309\" data-element_type=\"column\">\n\t\t\t<div class=\"elementor-widget-wrap elementor-element-populated\">\n\t\t\t\t\t\t<div class=\"elementor-element elementor-element-221bd21 elementor-icon-list--layout-traditional elementor-list-item-link-full_width de_scroll_animation_no elementor-widget elementor-widget-icon-list\" data-id=\"221bd21\" data-element_type=\"widget\" data-widget_type=\"icon-list.default\">\n\t\t\t\t<div class=\"elementor-widget-container\">\n\t\t\t\t\t\t\t<ul class=\"elementor-icon-list-items\">\n\t\t\t\t\t\t\t<li class=\"elementor-icon-list-item\">\n\t\t\t\t\t\t\t\t\t\t\t<span class=\"elementor-icon-list-icon\">\n\t\t\t\t\t\t\t<i aria-hidden=\"true\" class=\"far fa-check-circle\"><\/i>\t\t\t\t\t\t<\/span>\n\t\t\t\t\t\t\t\t\t\t<span class=\"elementor-icon-list-text\">Kaliteli ekipman<\/span>\n\t\t\t\t\t\t\t\t\t<\/li>\n\t\t\t\t\t\t\t\t<li class=\"elementor-icon-list-item\">\n\t\t\t\t\t\t\t\t\t\t\t<span class=\"elementor-icon-list-icon\">\n\t\t\t\t\t\t\t<i aria-hidden=\"true\" class=\"far fa-check-circle\"><\/i>\t\t\t\t\t\t<\/span>\n\t\t\t\t\t\t\t\t\t\t<span class=\"elementor-icon-list-text\">Y\u00fcksek hizmet kalitesi<\/span>\n\t\t\t\t\t\t\t\t\t<\/li>\n\t\t\t\t\t\t\t\t<li class=\"elementor-icon-list-item\">\n\t\t\t\t\t\t\t\t\t\t\t<span class=\"elementor-icon-list-icon\">\n\t\t\t\t\t\t\t<i aria-hidden=\"true\" class=\"far fa-check-circle\"><\/i>\t\t\t\t\t\t<\/span>\n\t\t\t\t\t\t\t\t\t\t<span class=\"elementor-icon-list-text\">Kibar personel<\/span>\n\t\t\t\t\t\t\t\t\t<\/li>\n\t\t\t\t\t\t\t\t<li class=\"elementor-icon-list-item\">\n\t\t\t\t\t\t\t\t\t\t\t<span class=\"elementor-icon-list-icon\">\n\t\t\t\t\t\t\t<i aria-hidden=\"true\" class=\"far fa-check-circle\"><\/i>\t\t\t\t\t\t<\/span>\n\t\t\t\t\t\t\t\t\t\t<span class=\"elementor-icon-list-text\">Rahat ko\u015fullar<\/span>\n\t\t\t\t\t\t\t\t\t<\/li>\n\t\t\t\t\t\t\t\t<li class=\"elementor-icon-list-item\">\n\t\t\t\t\t\t\t\t\t\t\t<span class=\"elementor-icon-list-icon\">\n\t\t\t\t\t\t\t<i aria-hidden=\"true\" class=\"far fa-check-circle\"><\/i>\t\t\t\t\t\t<\/span>\n\t\t\t\t\t\t\t\t\t\t<span class=\"elementor-icon-list-text\">Alan\u0131nda uzman hekimler<\/span>\n\t\t\t\t\t\t\t\t\t<\/li>\n\t\t\t\t\t\t<\/ul>\n\t\t\t\t\t\t<\/div>\n\t\t\t\t<\/div>\n\t\t\t\t\t<\/div>\n\t\t<\/div>\n\t\t\t\t\t<\/div>\n\t\t<\/section>\n\t\t\t\t\t<\/div>\n\t\t<\/div>\n\t\t\t\t\t<\/div>\n\t\t<\/section>\n\t\t\t\t<\/div>","protected":false},"excerpt":{"rendered":"<p>Why Turkey? At the heart of two continents, Europe and Asia, Turkey offers a truly unique travel experience. For thousands of years, these lands harbored different civilizations and cultures. Hospitality, caring culture, warm climate and excellence at medical practices makes Turkey the right destination for your medical travel. World class service levels, highest quality facilities, [&hellip;]<\/p>","protected":false},"author":1,"featured_media":0,"parent":0,"menu_order":0,"comment_status":"closed","ping_status":"closed","template":"","meta":{"footnotes":""},"class_list":["post-1973","page","type-page","status-publish","hentry"],"_links":{"self":[{"href":"https:\/\/medassist.com.tr\/tr\/wp-json\/wp\/v2\/pages\/1973","targetHints":{"allow":["GET"]}}],"collection":[{"href":"https:\/\/medassist.com.tr\/tr\/wp-json\/wp\/v2\/pages"}],"about":[{"href":"https:\/\/medassist.com.tr\/tr\/wp-json\/wp\/v2\/types\/page"}],"author":[{"embeddable":true,"href":"https:\/\/medassist.com.tr\/tr\/wp-json\/wp\/v2\/users\/1"}],"replies":[{"embeddable":true,"href":"https:\/\/medassist.com.tr\/tr\/wp-json\/wp\/v2\/comments?post=1973"}],"version-history":[{"count":19,"href":"https:\/\/medassist.com.tr\/tr\/wp-json\/wp\/v2\/pages\/1973\/revisions"}],"predecessor-version":[{"id":6423,"href":"https:\/\/medassist.com.tr\/tr\/wp-json\/wp\/v2\/pages\/1973\/revisions\/6423"}],"wp:attachment":[{"href":"https:\/\/medassist.com.tr\/tr\/wp-json\/wp\/v2\/media?parent=1973"}],"curies":[{"name":"wp","href":"https:\/\/api.w.org\/{rel}","templated":true}]}}